{"id":1363,"date":"2023-08-15T18:15:40","date_gmt":"2023-08-15T18:15:40","guid":{"rendered":"https:\/\/www.ifoew.at\/?page_id=1363"},"modified":"2023-09-28T08:38:46","modified_gmt":"2023-09-28T08:38:46","slug":"vision-mission","status":"publish","type":"page","link":"https:\/\/www.ifoew.at\/?page_id=1363","title":{"rendered":"Vision &#038; Mission"},"content":{"rendered":"<h2>Vision &amp; Mission<\/h2>\n<div>\n<h5><\/h5>\n<h5><strong>Unsere Vision:<\/strong><\/h5>\n<\/div>\n<div>\n<blockquote>\n<p><span>Eine resiliente, nachhaltige und international wettbewerbsf\u00e4hige \u00f6sterreichische Wirtschaft mit zukunftsf\u00e4higen attraktiven Gesch\u00e4ftsmodellen unter Ber\u00fccksichtigung der Bed\u00fcrfnisse der Mitarbeiter:innen, <\/span><span>der Gesellschaft sowie der Rahmenbedingungen.<\/span><\/p>\n<\/blockquote>\n<\/div>\n<div>\n<h5><\/h5>\n<h5><strong>Unsere Mission:<\/strong><\/h5>\n<\/div>\n<div>\n<blockquote>\n<p><span>Durch den Erkenntnisgewinn aus der Synthese von volks- und betriebswirtschaftlichen Instrumenten den Entscheidungstr\u00e4gern die Wissensbasis zu liefern, um die heimischen Branchen sowie Unternehmen nachhaltig zu st\u00e4rken.<\/span><\/p>\n<\/blockquote>\n<\/div>\n<p><!--more--><br \/>\n<!-- {\"type\":\"layout\",\"children\":[{\"name\":\"About\",\"type\":\"section\",\"props\":{\"animation_delay\":false,\"image_position\":\"center-center\",\"image_size\":\"cover\",\"padding\":\"large\",\"padding_remove_bottom\":false,\"padding_remove_top\":false,\"style\":\"default\",\"title_breakpoint\":\"xl\",\"title_position\":\"top-left\",\"title_rotation\":\"left\",\"vertical_align\":\"middle\",\"width\":\"default\"},\"children\":[{\"type\":\"row\",\"props\":{\"layout\":\"1-3,2-3\",\"margin\":\"small\",\"match\":false,\"vertical_align\":false,\"width\":\"expand\"},\"children\":[{\"type\":\"column\",\"props\":{\"image_position\":\"center-center\",\"position_sticky_breakpoint\":\"m\",\"width_medium\":\"1-3\"},\"children\":[{\"type\":\"headline\",\"props\":{\"content\":\"Vision &amp; Mission\",\"title_decoration\":\"bullet\",\"title_element\":\"h2\",\"title_style\":\"h3\"}}]},{\"type\":\"column\",\"props\":{\"image_position\":\"center-center\",\"position_sticky_breakpoint\":\"m\",\"width_medium\":\"2-3\"},\"children\":[{\"type\":\"text\",\"props\":{\"column_breakpoint\":\"m\",\"content\":\"\n\n<h5><\\\/h5>\\n\n\n<h5><strong>Unsere Vision:<\\\/strong><\\\/h5>\",\"margin\":\"default\"}},{\"type\":\"text\",\"props\":{\"column_breakpoint\":\"m\",\"content\":\"\n\n<blockquote>\\n\n\n<p><span>Eine resiliente, nachhaltige und international wettbewerbsf\\u00e4hige \\u00f6sterreichische Wirtschaft mit zukunftsf\\u00e4higen attraktiven Gesch\\u00e4ftsmodellen unter Ber\\u00fccksichtigung der Bed\\u00fcrfnisse der Mitarbeiter:innen, <\\\/span><span>der Gesellschaft sowie der Rahmenbedingungen.<\\\/span><\\\/p>\\n<\\\/blockquote>\",\"margin\":\"default\"}},{\"type\":\"text\",\"props\":{\"column_breakpoint\":\"m\",\"content\":\"\n\n<h5><\\\/h5>\\n\n\n<h5><strong>Unsere Mission:<\\\/strong><\\\/h5>\",\"margin\":\"default\"}},{\"type\":\"text\",\"props\":{\"column_breakpoint\":\"m\",\"content\":\"\n\n<blockquote>\\n\n\n<p><span>Durch den Erkenntnisgewinn aus der Synthese von volks- und betriebswirtschaftlichen Instrumenten den Entscheidungstr\\u00e4gern die Wissensbasis zu liefern, um die heimischen Branchen sowie Unternehmen nachhaltig zu st\\u00e4rken.<\\\/span><\\\/p>\\n<\\\/blockquote>\",\"margin\":\"default\"}}]}]}]}],\"version\":\"4.0.8\"} --><\/p>\n","protected":false},"excerpt":{"rendered":"<p>Vision &amp; Mission Unsere Vision: Eine resiliente, nachhaltige und international wettbewerbsf\u00e4hige \u00f6sterreichische Wirtschaft mit zukunftsf\u00e4higen attraktiven Gesch\u00e4ftsmodellen unter Ber\u00fccksichtigung der Bed\u00fcrfnisse der Mitarbeiter:innen, der Gesellschaft sowie der Rahmenbedingungen. Unsere Mission: Durch den Erkenntnisgewinn aus der Synthese von volks- und betriebswirtschaftlichen Instrumenten den Entscheidungstr\u00e4gern die Wissensbasis zu liefern, um die heimischen Branchen sowie Unternehmen nachhaltig zu [&hellip;]<\/p>\n","protected":false},"author":1,"featured_media":0,"parent":0,"menu_order":0,"comment_status":"closed","ping_status":"closed","template":"","meta":{"_acf_changed":false,"footnotes":""},"class_list":["post-1363","page","type-page","status-publish","hentry"],"acf":[],"_links":{"self":[{"href":"https:\/\/www.ifoew.at\/index.php?rest_route=\/wp\/v2\/pages\/1363","targetHints":{"allow":["GET"]}}],"collection":[{"href":"https:\/\/www.ifoew.at\/index.php?rest_route=\/wp\/v2\/pages"}],"about":[{"href":"https:\/\/www.ifoew.at\/index.php?rest_route=\/wp\/v2\/types\/page"}],"author":[{"embeddable":true,"href":"https:\/\/www.ifoew.at\/index.php?rest_route=\/wp\/v2\/users\/1"}],"replies":[{"embeddable":true,"href":"https:\/\/www.ifoew.at\/index.php?rest_route=%2Fwp%2Fv2%2Fcomments&post=1363"}],"version-history":[{"count":8,"href":"https:\/\/www.ifoew.at\/index.php?rest_route=\/wp\/v2\/pages\/1363\/revisions"}],"predecessor-version":[{"id":1619,"href":"https:\/\/www.ifoew.at\/index.php?rest_route=\/wp\/v2\/pages\/1363\/revisions\/1619"}],"wp:attachment":[{"href":"https:\/\/www.ifoew.at\/index.php?rest_route=%2Fwp%2Fv2%2Fmedia&parent=1363"}],"curies":[{"name":"wp","href":"https:\/\/api.w.org\/{rel}","templated":true}]}}