{"id":1370,"date":"2023-08-15T18:21:11","date_gmt":"2023-08-15T18:21:11","guid":{"rendered":"https:\/\/www.ifoew.at\/?page_id=1370"},"modified":"2024-02-07T12:06:18","modified_gmt":"2024-02-07T12:06:18","slug":"institutsfuehrung","status":"publish","type":"page","link":"https:\/\/www.ifoew.at\/?page_id=1370","title":{"rendered":"Institutsleitung"},"content":{"rendered":"<h2>Institutsleitung<\/h2>\n<ul>\n<li>\n<p>        <img decoding=\"async\" src=\"\/wp-content\/uploads\/2023\/08\/TEAM_PV-1.jpg\" alt=\"\"><\/p>\n<h3>Mag. Peter Voithofer<\/h3>\n<p>Mitglied des Vorstandes<\/p>\n<p><a href=\"\/index.php?page_id=24\"><\/a><\/p>\n<\/li>\n<li>\n<p>        <img decoding=\"async\" src=\"\/wp-content\/uploads\/2023\/08\/TEAM_AK-1.jpg\" alt=\"\"><\/p>\n<h3>Dr. Anna Kleissner<\/h3>\n<p>Mitglied des Vorstandes<\/p>\n<p><a href=\"\/index.php?page_id=1492\"><\/a><\/p>\n<\/li>\n<\/ul>\n<div>\n<p>Das Team des <b>if\u00f6w<\/b> besteht allen voran aus den beiden Vereinsvorst\u00e4nden, welche gemeinsam \u00fcber 50 Jahre Expertise in der Wirtschaftsforschung mitbringen. Mit zahlreichen Auftraggebern und Untersuchungsgegenst\u00e4nden auf regionaler, nationaler und internationaler Ebene und langj\u00e4hrigen Verantwortung und Erfahrung in der betriebs- und volkswirtschaftlichen Forschungsarbeit in unterschiedlichen Wirtschaftsforschungsinstituten ist der Vereinsvorstand mit dem Facettenreichtum der \u00f6sterreichischen Wirtschaft vertraut.<\/p>\n<p style=\"text-align: left;\">Zu den bisherigen Auftraggebern z\u00e4hlen Tr\u00e4ger der Wirtschaftspolitik und Wirtschaftsf\u00f6rderung, gesetzliche Interessensvertretungen, freiwillige Verb\u00e4nde aber auch \u00f6sterreichische Unternehmen, welche unsere volks- und betriebswirtschaftlichen Analysen oftmals als Grundlage f\u00fcr Entscheidungen nutzen.<\/p>\n<\/div>\n<p><!--more--><br \/>\n<!-- {\"type\":\"layout\",\"children\":[{\"name\":\"About\",\"type\":\"section\",\"props\":{\"animation_delay\":false,\"image_position\":\"center-center\",\"image_size\":\"cover\",\"padding\":\"large\",\"padding_remove_bottom\":false,\"padding_remove_top\":false,\"style\":\"default\",\"title_breakpoint\":\"xl\",\"title_position\":\"top-left\",\"title_rotation\":\"left\",\"vertical_align\":\"middle\",\"width\":\"default\"},\"children\":[{\"type\":\"row\",\"props\":{\"id\":\"company-heads\",\"layout\":\"1-3,2-3\",\"margin\":\"xlarge\"},\"children\":[{\"type\":\"column\",\"props\":{\"image_position\":\"center-center\",\"position_sticky_breakpoint\":\"m\",\"width_medium\":\"1-3\"},\"children\":[{\"type\":\"headline\",\"props\":{\"content\":\"Institutsleitung\",\"maxwidth\":\"medium\",\"title_decoration\":\"bullet\",\"title_element\":\"h2\",\"title_style\":\"h3\"}}]},{\"type\":\"column\",\"props\":{\"image_position\":\"center-center\",\"position_sticky_breakpoint\":\"m\",\"width_medium\":\"2-3\"},\"children\":[{\"type\":\"grid\",\"props\":{\"content_column_breakpoint\":\"m\",\"filter_align\":\"left\",\"filter_all\":true,\"filter_grid_breakpoint\":\"m\",\"filter_grid_width\":\"auto\",\"filter_position\":\"top\",\"filter_style\":\"tab\",\"grid_column_gap\":\"medium\",\"grid_default\":\"2\",\"grid_divider\":false,\"grid_medium\":\"\",\"grid_row_gap\":\"medium\",\"grid_small\":\"3\",\"icon_width\":80,\"image_align\":\"top\",\"image_grid_breakpoint\":\"m\",\"image_grid_width\":\"1-2\",\"image_link\":true,\"image_svg_color\":\"emphasis\",\"image_width\":\"300\",\"item_animation\":true,\"link_style\":\"default\",\"link_text\":\"\",\"margin\":\"default\",\"meta_align\":\"below-title\",\"meta_color\":\"muted\",\"meta_element\":\"div\",\"meta_margin\":\"remove\",\"meta_style\":\"\",\"parallax_easing\":\"1\",\"show_content\":true,\"show_image\":true,\"show_link\":true,\"show_meta\":true,\"show_title\":true,\"title_align\":\"top\",\"title_element\":\"h3\",\"title_grid_breakpoint\":\"m\",\"title_grid_width\":\"1-2\",\"title_hover_style\":\"reset\",\"title_link\":true,\"title_style\":\"h6\"},\"children\":[{\"type\":\"grid_item\",\"props\":{\"image\":\"wp-content\\\/uploads\\\/2023\\\/08\\\/TEAM_PV-1.jpg\",\"link\":\"index.php?page_id=24\",\"meta\":\"Mitglied des Vorstandes\",\"title\":\"Mag. Peter Voithofer\"}},{\"type\":\"grid_item\",\"props\":{\"image\":\"wp-content\\\/uploads\\\/2023\\\/08\\\/TEAM_AK-1.jpg\",\"link\":\"index.php?page_id=1492\",\"meta\":\"Mitglied des Vorstandes\",\"title\":\"Dr. Anna Kleissner\"}}]},{\"type\":\"text\",\"props\":{\"column_breakpoint\":\"m\",\"content\":\"\n\n<p>Das Team des <b>if\\u00f6w<\\\/b> besteht allen voran aus den beiden Vereinsvorst\\u00e4nden, welche gemeinsam \\u00fcber 50 Jahre Expertise in der Wirtschaftsforschung mitbringen. Mit zahlreichen Auftraggebern und Untersuchungsgegenst\\u00e4nden auf regionaler, nationaler und internationaler Ebene und langj\\u00e4hrigen Verantwortung und Erfahrung in der betriebs- und volkswirtschaftlichen Forschungsarbeit in unterschiedlichen Wirtschaftsforschungsinstituten ist der Vereinsvorstand mit dem Facettenreichtum der \\u00f6sterreichischen Wirtschaft vertraut.<\\\/p>\\n\n\n<p style=\\\"text-align: left;\\\">Zu den bisherigen Auftraggebern z\\u00e4hlen Tr\\u00e4ger der Wirtschaftspolitik und Wirtschaftsf\\u00f6rderung, gesetzliche Interessensvertretungen, freiwillige Verb\\u00e4nde aber auch \\u00f6sterreichische Unternehmen, welche unsere volks- und betriebswirtschaftlichen Analysen oftmals als Grundlage f\\u00fcr Entscheidungen nutzen.<\\\/p>\",\"margin\":\"default\"}}]}]}]}],\"version\":\"4.0.8\"} --><\/p>\n","protected":false},"excerpt":{"rendered":"<p>Institutsleitung Mag. Peter Voithofer Mitglied des Vorstandes Dr. Anna Kleissner Mitglied des Vorstandes Das Team des if\u00f6w besteht allen voran aus den beiden Vereinsvorst\u00e4nden, welche gemeinsam \u00fcber 50 Jahre Expertise in der Wirtschaftsforschung mitbringen. Mit zahlreichen Auftraggebern und Untersuchungsgegenst\u00e4nden auf regionaler, nationaler und internationaler Ebene und langj\u00e4hrigen Verantwortung und Erfahrung in der betriebs- und volkswirtschaftlichen [&hellip;]<\/p>\n","protected":false},"author":1,"featured_media":0,"parent":0,"menu_order":0,"comment_status":"closed","ping_status":"closed","template":"","meta":{"_acf_changed":false,"footnotes":""},"class_list":["post-1370","page","type-page","status-publish","hentry"],"acf":[],"_links":{"self":[{"href":"https:\/\/www.ifoew.at\/index.php?rest_route=\/wp\/v2\/pages\/1370","targetHints":{"allow":["GET"]}}],"collection":[{"href":"https:\/\/www.ifoew.at\/index.php?rest_route=\/wp\/v2\/pages"}],"about":[{"href":"https:\/\/www.ifoew.at\/index.php?rest_route=\/wp\/v2\/types\/page"}],"author":[{"embeddable":true,"href":"https:\/\/www.ifoew.at\/index.php?rest_route=\/wp\/v2\/users\/1"}],"replies":[{"embeddable":true,"href":"https:\/\/www.ifoew.at\/index.php?rest_route=%2Fwp%2Fv2%2Fcomments&post=1370"}],"version-history":[{"count":11,"href":"https:\/\/www.ifoew.at\/index.php?rest_route=\/wp\/v2\/pages\/1370\/revisions"}],"predecessor-version":[{"id":1635,"href":"https:\/\/www.ifoew.at\/index.php?rest_route=\/wp\/v2\/pages\/1370\/revisions\/1635"}],"wp:attachment":[{"href":"https:\/\/www.ifoew.at\/index.php?rest_route=%2Fwp%2Fv2%2Fmedia&parent=1370"}],"curies":[{"name":"wp","href":"https:\/\/api.w.org\/{rel}","templated":true}]}}