{"id":1375,"date":"2023-08-15T18:23:23","date_gmt":"2023-08-15T18:23:23","guid":{"rendered":"https:\/\/www.ifoew.at\/?page_id=1375"},"modified":"2024-02-07T15:55:18","modified_gmt":"2024-02-07T15:55:18","slug":"forschungsgrundsaetze","status":"publish","type":"page","link":"https:\/\/www.ifoew.at\/?page_id=1375","title":{"rendered":"Forschungsgrunds\u00e4tze"},"content":{"rendered":"<h2>Forschungsgrunds\u00e4tze<\/h2>\n<ul>\n<li>\n<p>        <img decoding=\"async\" src=\"\/wp-content\/uploads\/2023\/09\/001-finden.svg\" alt=\"\"><\/p>\n<h3>Faktenbasiert<\/h3>\n<div>\n<p>Nutzung wissenschaftlich anerkannter am \u201estate-of-the-art\u201c Methoden und nationaler\/internationaler Prim\u00e4r- und Sekund\u00e4rdatenquellen.<\/p>\n<\/div>\n<\/li>\n<li>\n<p>        <img decoding=\"async\" src=\"\/wp-content\/uploads\/2023\/09\/002-losung.svg\" alt=\"\"><\/p>\n<h3>Methodenvielfalt<\/h3>\n<div>\n<p>Breites Spektrum qualitativer und quantitativer Methodenkompetenz in Wirtschaftsforschung und diversen Analysen.<\/p>\n<\/div>\n<\/li>\n<li>\n<p>        <img decoding=\"async\" src=\"\/wp-content\/uploads\/2023\/09\/003-implementierung.svg\" alt=\"\"><\/p>\n<h3>Praxisrelevant &#038; Umsetzungsorientiert<\/h3>\n<div>\n<p>Hohe Praxisrelevanz erm\u00f6glicht rasche und direkte Umsetzung von Handlungsempfehlungen.<\/p>\n<\/div>\n<\/li>\n<li>\n<p>        <img decoding=\"async\" src=\"\/wp-content\/uploads\/2023\/09\/004-hohe-qualitat.svg\" alt=\"\"><\/p>\n<h3>4-Augen Prinzip &#038; Qualit\u00e4tskontrollen<\/h3>\n<div>\n<p>Experten-Diskurs f\u00fcr bessere Resultate und Qualit\u00e4tssicherung vor, w\u00e4hrend und nach dem Projekt.<\/p>\n<\/div>\n<\/li>\n<li>\n<p>        <img decoding=\"async\" src=\"\/wp-content\/uploads\/2023\/09\/005-mehrere-schicht.svg\" alt=\"\"><\/p>\n<h3>Datenspektrum<br \/><\/h3>\n<div>\n<p>Verkn\u00fcpfung von qualitativen und quantitativen Daten (und Methoden) f\u00fcr tiefere Erkenntnisse in den ausgew\u00e4hlten Bereichen.<\/p>\n<\/div>\n<\/li>\n<li>\n<p>        <img decoding=\"async\" src=\"\/wp-content\/uploads\/2024\/02\/ergebnis.png\" alt=\"\"><\/p>\n<h3>Ergebnisoffenheit und Transparenz<\/h3>\n<div>\n<p>Alle Forschungsmethoden und Datenquellen werden klar dokumentiert. Die Daten und unsere Ergebnisse sprechen f\u00fcr sich.<\/p>\n<\/div>\n<\/li>\n<\/ul>\n<p><!--more--><br \/>\n<!-- {\"type\":\"layout\",\"children\":[{\"type\":\"section\",\"props\":{\"image_position\":\"center-center\",\"style\":\"default\",\"title_breakpoint\":\"xl\",\"title_position\":\"top-left\",\"title_rotation\":\"left\",\"vertical_align\":\"middle\",\"width\":\"default\"},\"children\":[{\"type\":\"row\",\"props\":{\"layout\":\"1-3,2-3\",\"margin\":\"small\",\"match\":false,\"vertical_align\":false,\"width\":\"expand\"},\"children\":[{\"type\":\"column\",\"props\":{\"image_position\":\"center-center\",\"position_sticky_breakpoint\":\"m\",\"width_medium\":\"1-3\"},\"children\":[{\"type\":\"headline\",\"props\":{\"content\":\"Forschungsgrunds\\u00e4tze\",\"title_decoration\":\"bullet\",\"title_element\":\"h2\",\"title_style\":\"h3\"}}]},{\"type\":\"column\",\"props\":{\"image_position\":\"center-center\",\"position_sticky_breakpoint\":\"m\",\"width_medium\":\"2-3\"},\"children\":[{\"type\":\"grid\",\"props\":{\"content_column_breakpoint\":\"m\",\"filter_align\":\"left\",\"filter_all\":true,\"filter_grid_breakpoint\":\"m\",\"filter_grid_width\":\"auto\",\"filter_position\":\"top\",\"filter_style\":\"tab\",\"grid_default\":\"1\",\"grid_large\":\"2\",\"grid_masonry\":false,\"grid_medium\":\"3\",\"grid_xlarge\":\"2\",\"icon_width\":80,\"image_align\":\"top\",\"image_grid_breakpoint\":\"m\",\"image_grid_width\":\"1-2\",\"image_svg_color\":\"emphasis\",\"image_width\":\"80\",\"item_animation\":true,\"link_style\":\"default\",\"link_text\":\"Read more\",\"margin\":\"default\",\"meta_align\":\"below-title\",\"meta_element\":\"div\",\"meta_style\":\"text-meta\",\"show_content\":true,\"show_image\":true,\"show_link\":true,\"show_meta\":true,\"show_title\":true,\"title_align\":\"top\",\"title_element\":\"h3\",\"title_grid_breakpoint\":\"m\",\"title_grid_width\":\"1-2\",\"title_hover_style\":\"reset\"},\"children\":[{\"type\":\"grid_item\",\"props\":{\"content\":\"\n\n<p>Nutzung wissenschaftlich anerkannter am \\u201estate-of-the-art\\u201c Methoden und nationaler\\\/internationaler Prim\\u00e4r- und Sekund\\u00e4rdatenquellen.<\\\/p>\",\"image\":\"wp-content\\\/uploads\\\/2023\\\/09\\\/001-finden.svg\",\"title\":\"Faktenbasiert\"}},{\"type\":\"grid_item\",\"props\":{\"content\":\"\n\n<p>Breites Spektrum qualitativer und quantitativer Methodenkompetenz in Wirtschaftsforschung und diversen Analysen.<\\\/p>\",\"image\":\"wp-content\\\/uploads\\\/2023\\\/09\\\/002-losung.svg\",\"title\":\"Methodenvielfalt\"}},{\"type\":\"grid_item\",\"props\":{\"content\":\"\n\n<p>Hohe Praxisrelevanz erm\\u00f6glicht rasche und direkte Umsetzung von Handlungsempfehlungen.<\\\/p>\",\"image\":\"wp-content\\\/uploads\\\/2023\\\/09\\\/003-implementierung.svg\",\"title\":\"Praxisrelevant & Umsetzungsorientiert\"}},{\"type\":\"grid_item\",\"props\":{\"content\":\"\n\n<p>Experten-Diskurs f\\u00fcr bessere Resultate und Qualit\\u00e4tssicherung vor, w\\u00e4hrend und nach dem Projekt.<\\\/p>\",\"image\":\"wp-content\\\/uploads\\\/2023\\\/09\\\/004-hohe-qualitat.svg\",\"title\":\"4-Augen Prinzip & Qualit\\u00e4tskontrollen\"}},{\"type\":\"grid_item\",\"props\":{\"content\":\"\n\n<p>Verkn\\u00fcpfung von qualitativen und quantitativen Daten (und Methoden) f\\u00fcr tiefere Erkenntnisse in den ausgew\\u00e4hlten Bereichen.<\\\/p>\",\"image\":\"wp-content\\\/uploads\\\/2023\\\/09\\\/005-mehrere-schicht.svg\",\"title\":\"<br \/>Datenspektrum<br \/>\"}},{\"type\":\"grid_item\",\"props\":{\"content\":\"\n\n<p>Alle Forschungsmethoden und Datenquellen werden klar dokumentiert. Die Daten und unsere Ergebnisse sprechen f\\u00fcr sich.<\\\/p>\",\"image\":\"wp-content\\\/uploads\\\/2024\\\/02\\\/ergebnis.png\",\"title\":\"Ergebnisoffenheit und Transparenz\"}}]}]}]}]}],\"version\":\"4.0.8\"} --><\/p>\n","protected":false},"excerpt":{"rendered":"<p>Forschungsgrunds\u00e4tze Faktenbasiert Nutzung wissenschaftlich anerkannter am \u201estate-of-the-art\u201c Methoden und nationaler\/internationaler Prim\u00e4r- und Sekund\u00e4rdatenquellen. Methodenvielfalt Breites Spektrum qualitativer und quantitativer Methodenkompetenz in Wirtschaftsforschung und diversen Analysen. Praxisrelevant &#038; Umsetzungsorientiert Hohe Praxisrelevanz erm\u00f6glicht rasche und direkte Umsetzung von Handlungsempfehlungen. 4-Augen Prinzip &#038; Qualit\u00e4tskontrollen Experten-Diskurs f\u00fcr bessere Resultate und Qualit\u00e4tssicherung vor, w\u00e4hrend und nach dem Projekt. Datenspektrum Verkn\u00fcpfung [&hellip;]<\/p>\n","protected":false},"author":1,"featured_media":0,"parent":0,"menu_order":0,"comment_status":"closed","ping_status":"closed","template":"","meta":{"_acf_changed":false,"footnotes":""},"class_list":["post-1375","page","type-page","status-publish","hentry"],"acf":[],"_links":{"self":[{"href":"https:\/\/www.ifoew.at\/index.php?rest_route=\/wp\/v2\/pages\/1375","targetHints":{"allow":["GET"]}}],"collection":[{"href":"https:\/\/www.ifoew.at\/index.php?rest_route=\/wp\/v2\/pages"}],"about":[{"href":"https:\/\/www.ifoew.at\/index.php?rest_route=\/wp\/v2\/types\/page"}],"author":[{"embeddable":true,"href":"https:\/\/www.ifoew.at\/index.php?rest_route=\/wp\/v2\/users\/1"}],"replies":[{"embeddable":true,"href":"https:\/\/www.ifoew.at\/index.php?rest_route=%2Fwp%2Fv2%2Fcomments&post=1375"}],"version-history":[{"count":23,"href":"https:\/\/www.ifoew.at\/index.php?rest_route=\/wp\/v2\/pages\/1375\/revisions"}],"predecessor-version":[{"id":1694,"href":"https:\/\/www.ifoew.at\/index.php?rest_route=\/wp\/v2\/pages\/1375\/revisions\/1694"}],"wp:attachment":[{"href":"https:\/\/www.ifoew.at\/index.php?rest_route=%2Fwp%2Fv2%2Fmedia&parent=1375"}],"curies":[{"name":"wp","href":"https:\/\/api.w.org\/{rel}","templated":true}]}}