{"id":1418,"date":"2023-08-28T07:02:51","date_gmt":"2023-08-28T07:02:51","guid":{"rendered":"https:\/\/www.ifoew.at\/?page_id=1418"},"modified":"2023-09-13T14:26:35","modified_gmt":"2023-09-13T14:26:35","slug":"impressum","status":"publish","type":"page","link":"https:\/\/www.ifoew.at\/?page_id=1418","title":{"rendered":"Impressum"},"content":{"rendered":"<h1>\n<h1 id=\"headline-4-54\" class=\"ct-headline h1\"><span id=\"span-5-54\" class=\"ct-span\">Impressum<\/span><\/h1>\n<\/h1>\n<div>\n<p>Informationspflicht laut \u00a75 E-Commerce Gesetz, \u00a714 Unternehmensgesetzbuch, \u00a763 Gewerbeordnung und Offenlegungspflicht laut \u00a725 Mediengesetz<\/p>\n<p><strong>F\u00fcr den Inhalt verantwortlich:<\/strong><\/p>\n<p><strong>Institut f\u00fcr \u00d6sterreichs Wirtschaft<\/strong><br \/>1040 Wien, Gu\u00dfhausstra\u00dfe 8\/Top 2b<\/p>\n<p><strong>Email:<\/strong> office@ifoew.at<br \/><strong>Tel:<\/strong> + 43 664 \/ 82 28 560<\/p>\n<p><strong>Institutsleitung:<\/strong> Mag. Peter Voithofer, Dr. Anna Kleissner<\/p>\n<p><strong>Vereinszweck:<\/strong> <span>Sozial- und wirtschaftswissenschaftliche Forschung<\/span><\/p>\n<h2 class=\"wp-block-heading\">Haftungsausschluss<\/h2>\n<p>Das <strong>if\u00f6w<\/strong> \u00fcbernimmt f\u00fcr Inhalt und Aktualit\u00e4t der Website keine Haftung. Ebenso \u00fcbernimmt das <strong>if\u00f6w<\/strong> keine rechtliche und inhaltliche Verantwortung \u00fcber Websites anderer Informationsanbieter, auf die auf der Website verwiesen wird. Aktualit\u00e4t und Richtigkeit aller auf unserer Website angelegten Informationen k\u00f6nnen trotz sorgf\u00e4ltiger Recherche und Aufbereitung nicht gew\u00e4hrleistet werden.<\/p>\n<p>Dieser Haftungsausschluss ist als Teil des Internetangebotes zu betrachten, von dem aus auf diese Webseite verwiesen wurde. Sofern Teile oder einzelne Formulierungen dieses Textes der geltenden Rechtslage nicht, nicht mehr oder nicht vollst\u00e4ndig entsprechen sollten, bleiben die \u00fcbrigen Teile des Dokumentes in ihrem Inhalt und ihrer G\u00fcltigkeit davon unber\u00fchrt.<\/p>\n<h3 class=\"wp-block-heading\">Haftung f\u00fcr Inhalte dieser Webseite<\/h3>\n<p>Die Inhalte unserer Seiten wurden mit gr\u00f6\u00dfter Sorgfalt erstellt. F\u00fcr die Richtigkeit, Vollst\u00e4ndigkeit und Aktualit\u00e4t der Inhalte k\u00f6nnen wir jedoch keine Gew\u00e4hr \u00fcbernehmen. Als Diensteanbieter sind wir f\u00fcr eigene Inhalte auf diesen Seiten nach den allgemeinen Gesetzen verantwortlich. Wir sind jedoch nicht verpflichtet, \u00fcbermittelte oder gespeicherte fremde Informationen zu \u00fcberwachen oder nach Umst\u00e4nden zu forschen, die auf eine rechtswidrige T\u00e4tigkeit hinweisen. Das <strong>if\u00f6w<\/strong> schlie\u00dft jegliche Haftung f\u00fcr Sch\u00e4den, die direkt oder indirekt aus der Benutzung dieser Website und deren externen Links entstehen, aus, soweit diese nicht auf Vorsatz oder grober Fahrl\u00e4ssigkeit beruhen. Verpflichtungen zur Entfernung oder Sperrung der Nutzung von Informationen nach den allgemeinen Gesetzen bleiben hiervon unber\u00fchrt. Eine diesbez\u00fcgliche Haftung ist jedoch erst ab dem Zeitpunkt der Kenntnis einer konkreten Rechtsverletzung m\u00f6glich. Bei Bekanntwerden von entsprechenden Rechtsverletzungen werden wir diese Inhalte umgehend entfernen.<\/p>\n<h3 class=\"wp-block-heading\">Haftung f\u00fcr Links auf Webseiten Dritter<\/h3>\n<p>Unser Angebot enth\u00e4lt Links zu externen Websites. Auf den Inhalt dieser externen Webseiten haben wir keinerlei Einfluss. Deshalb k\u00f6nnen wir f\u00fcr diese fremden Inhalte auch keine Gew\u00e4hr \u00fcbernehmen. F\u00fcr die Inhalte der verlinkten Seiten ist stets der jeweilige Anbieter oder Betreiber der Seiten verantwortlich. Die verlinkten Seiten wurden zum Zeitpunkt der Verlinkung auf m\u00f6gliche Rechtsverst\u00f6\u00dfe \u00fcberpr\u00fcft. Rechtswidrige Inhalte waren zum Zeitpunkt der Verlinkung nicht erkennbar. Eine permanente inhaltliche Kontrolle der verlinkten Seiten ist jedoch ohne konkrete Anhaltspunkte einer Rechtsverletzung nicht zumutbar. Bei Bekanntwerden von Rechtsverletzungen werden wir derartige Links umgehend entfernen.<\/p>\n<h3 class=\"wp-block-heading\">Media<\/h3>\n<p>Portraitfotos wurden von\u00a0<a href=\"https:\/\/feelimage.at\/web\/\">feelimage \/ Felicitas Matern<\/a>\u00a0unter der Beachtung der gegebenen Lizenzen eingebunden.<\/p>\n<\/div>\n<p><!--more--><br \/>\n<!-- {\"type\":\"layout\",\"children\":[{\"type\":\"section\",\"props\":{\"image_position\":\"center-center\",\"style\":\"default\",\"title_breakpoint\":\"xl\",\"title_position\":\"top-left\",\"title_rotation\":\"left\",\"vertical_align\":\"middle\",\"width\":\"default\"},\"children\":[{\"type\":\"row\",\"children\":[{\"type\":\"column\",\"props\":{\"image_position\":\"center-center\",\"position_sticky_breakpoint\":\"m\"},\"children\":[{\"type\":\"headline\",\"props\":{\"content\":\"\n\n<h1 id=\\\"headline-4-54\\\" class=\\\"ct-headline h1\\\"><span id=\\\"span-5-54\\\" class=\\\"ct-span\\\">Impressum<\\\/span><\\\/h1>\",\"title_element\":\"h1\"}},{\"type\":\"text\",\"props\":{\"column_breakpoint\":\"m\",\"content\":\"\n\n<p>Informationspflicht laut \\u00a75 E-Commerce Gesetz, \\u00a714 Unternehmensgesetzbuch, \\u00a763 Gewerbeordnung und Offenlegungspflicht laut \\u00a725 Mediengesetz<\\\/p>\\n\n\n<p><strong>F\\u00fcr den Inhalt verantwortlich:<\\\/strong><\\\/p>\\n\n\n<p><strong>Institut f\\u00fcr \\u00d6sterreichs Wirtschaft<\\\/strong><br \\\/>1040 Wien, Gu\\u00dfhausstra\\u00dfe 8\\\/Top 2b<\\\/p>\\n\n\n<p><strong>Email:<\\\/strong> office@ifoew.at<br \\\/><strong>Tel:<\\\/strong> + 43 664 \\\/ 82 28 560<\\\/p>\\n\n\n<p><strong>Institutsleitung:<\\\/strong> Mag. Peter Voithofer, Dr. Anna Kleissner<\\\/p>\\n\n\n<p><strong>Vereinszweck:<\\\/strong> <span>Sozial- und wirtschaftswissenschaftliche Forschung<\\\/span><\\\/p>\\n\n\n<h2 class=\\\"wp-block-heading\\\">Haftungsausschluss<\\\/h2>\\n\n\n<p>Das <strong>if\\u00f6w<\\\/strong> \\u00fcbernimmt f\\u00fcr Inhalt und Aktualit\\u00e4t der Website keine Haftung. Ebenso \\u00fcbernimmt das <strong>if\\u00f6w<\\\/strong> keine rechtliche und inhaltliche Verantwortung \\u00fcber Websites anderer Informationsanbieter, auf die auf der Website verwiesen wird. Aktualit\\u00e4t und Richtigkeit aller auf unserer Website angelegten Informationen k\\u00f6nnen trotz sorgf\\u00e4ltiger Recherche und Aufbereitung nicht gew\\u00e4hrleistet werden.<\\\/p>\\n\n\n<p>Dieser Haftungsausschluss ist als Teil des Internetangebotes zu betrachten, von dem aus auf diese Webseite verwiesen wurde. Sofern Teile oder einzelne Formulierungen dieses Textes der geltenden Rechtslage nicht, nicht mehr oder nicht vollst\\u00e4ndig entsprechen sollten, bleiben die \\u00fcbrigen Teile des Dokumentes in ihrem Inhalt und ihrer G\\u00fcltigkeit davon unber\\u00fchrt.<\\\/p>\\n\n\n<h3 class=\\\"wp-block-heading\\\">Haftung f\\u00fcr Inhalte dieser Webseite<\\\/h3>\\n\n\n<p>Die Inhalte unserer Seiten wurden mit gr\\u00f6\\u00dfter Sorgfalt erstellt. F\\u00fcr die Richtigkeit, Vollst\\u00e4ndigkeit und Aktualit\\u00e4t der Inhalte k\\u00f6nnen wir jedoch keine Gew\\u00e4hr \\u00fcbernehmen. Als Diensteanbieter sind wir f\\u00fcr eigene Inhalte auf diesen Seiten nach den allgemeinen Gesetzen verantwortlich. Wir sind jedoch nicht verpflichtet, \\u00fcbermittelte oder gespeicherte fremde Informationen zu \\u00fcberwachen oder nach Umst\\u00e4nden zu forschen, die auf eine rechtswidrige T\\u00e4tigkeit hinweisen. Das <strong>if\\u00f6w<\\\/strong> schlie\\u00dft jegliche Haftung f\\u00fcr Sch\\u00e4den, die direkt oder indirekt aus der Benutzung dieser Website und deren externen Links entstehen, aus, soweit diese nicht auf Vorsatz oder grober Fahrl\\u00e4ssigkeit beruhen. Verpflichtungen zur Entfernung oder Sperrung der Nutzung von Informationen nach den allgemeinen Gesetzen bleiben hiervon unber\\u00fchrt. Eine diesbez\\u00fcgliche Haftung ist jedoch erst ab dem Zeitpunkt der Kenntnis einer konkreten Rechtsverletzung m\\u00f6glich. Bei Bekanntwerden von entsprechenden Rechtsverletzungen werden wir diese Inhalte umgehend entfernen.<\\\/p>\\n\n\n<h3 class=\\\"wp-block-heading\\\">Haftung f\\u00fcr Links auf Webseiten Dritter<\\\/h3>\\n\n\n<p>Unser Angebot enth\\u00e4lt Links zu externen Websites. Auf den Inhalt dieser externen Webseiten haben wir keinerlei Einfluss. Deshalb k\\u00f6nnen wir f\\u00fcr diese fremden Inhalte auch keine Gew\\u00e4hr \\u00fcbernehmen. F\\u00fcr die Inhalte der verlinkten Seiten ist stets der jeweilige Anbieter oder Betreiber der Seiten verantwortlich. Die verlinkten Seiten wurden zum Zeitpunkt der Verlinkung auf m\\u00f6gliche Rechtsverst\\u00f6\\u00dfe \\u00fcberpr\\u00fcft. Rechtswidrige Inhalte waren zum Zeitpunkt der Verlinkung nicht erkennbar. Eine permanente inhaltliche Kontrolle der verlinkten Seiten ist jedoch ohne konkrete Anhaltspunkte einer Rechtsverletzung nicht zumutbar. Bei Bekanntwerden von Rechtsverletzungen werden wir derartige Links umgehend entfernen.<\\\/p>\\n\n\n<h3 class=\\\"wp-block-heading\\\">Media<\\\/h3>\\n\n\n<p>Portraitfotos wurden von\\u00a0<a href=\\\"https:\\\/\\\/feelimage.at\\\/web\\\/\\\">feelimage \\\/ Felicitas Matern<\\\/a>\\u00a0unter der Beachtung der gegebenen Lizenzen eingebunden.<\\\/p>\",\"margin\":\"default\"}}]}]}]}],\"version\":\"4.0.8\"} --><\/p>\n","protected":false},"excerpt":{"rendered":"<p>Impressum Informationspflicht laut \u00a75 E-Commerce Gesetz, \u00a714 Unternehmensgesetzbuch, \u00a763 Gewerbeordnung und Offenlegungspflicht laut \u00a725 Mediengesetz F\u00fcr den Inhalt verantwortlich: Institut f\u00fcr \u00d6sterreichs Wirtschaft1040 Wien, Gu\u00dfhausstra\u00dfe 8\/Top 2b Email: office@ifoew.atTel: + 43 664 \/ 82 28 560 Institutsleitung: Mag. Peter Voithofer, Dr. Anna Kleissner Vereinszweck: Sozial- und wirtschaftswissenschaftliche Forschung Haftungsausschluss Das if\u00f6w \u00fcbernimmt f\u00fcr Inhalt und [&hellip;]<\/p>\n","protected":false},"author":1,"featured_media":0,"parent":0,"menu_order":0,"comment_status":"closed","ping_status":"closed","template":"","meta":{"_acf_changed":false,"footnotes":""},"class_list":["post-1418","page","type-page","status-publish","hentry"],"acf":[],"_links":{"self":[{"href":"https:\/\/www.ifoew.at\/index.php?rest_route=\/wp\/v2\/pages\/1418","targetHints":{"allow":["GET"]}}],"collection":[{"href":"https:\/\/www.ifoew.at\/index.php?rest_route=\/wp\/v2\/pages"}],"about":[{"href":"https:\/\/www.ifoew.at\/index.php?rest_route=\/wp\/v2\/types\/page"}],"author":[{"embeddable":true,"href":"https:\/\/www.ifoew.at\/index.php?rest_route=\/wp\/v2\/users\/1"}],"replies":[{"embeddable":true,"href":"https:\/\/www.ifoew.at\/index.php?rest_route=%2Fwp%2Fv2%2Fcomments&post=1418"}],"version-history":[{"count":7,"href":"https:\/\/www.ifoew.at\/index.php?rest_route=\/wp\/v2\/pages\/1418\/revisions"}],"predecessor-version":[{"id":1576,"href":"https:\/\/www.ifoew.at\/index.php?rest_route=\/wp\/v2\/pages\/1418\/revisions\/1576"}],"wp:attachment":[{"href":"https:\/\/www.ifoew.at\/index.php?rest_route=%2Fwp%2Fv2%2Fmedia&parent=1418"}],"curies":[{"name":"wp","href":"https:\/\/api.w.org\/{rel}","templated":true}]}}