{"id":1456,"date":"2023-09-11T13:36:20","date_gmt":"2023-09-11T13:36:20","guid":{"rendered":"https:\/\/www.ifoew.at\/?page_id=1456"},"modified":"2024-02-07T21:50:00","modified_gmt":"2024-02-07T21:50:00","slug":"brancheninsights","status":"publish","type":"page","link":"https:\/\/www.ifoew.at\/?page_id=1456","title":{"rendered":"Brancheninsights"},"content":{"rendered":"<div>\n<h1>Brancheninsights<\/h1>\n<\/div>\n<p><img decoding=\"async\" src=\"\/wp-content\/uploads\/2023\/08\/sector.svg\" alt=\"\"><\/p>\n<div>\n<p>So heterogen die \u00f6sterreichische Wirtschaft gesamtheitlich ist, so unterschiedliche Auspr\u00e4gungen gibt es auch innerhalb einer Branche. Diese brancheninternen Unterschiede haben sich insbesondere in den vergangenen Jahren verst\u00e4rkt \u2013 ma\u00dfgeblich durch exogene Schocks und durch die Ver\u00e4nderungen im Konsumentenverhalten. Gerade deshalb ist es wichtig, die einzelnen Sektoren, Branchen und ihre Subbrachen detailgetreu zu analysieren um daraus zielgerichtete Ma\u00dfnahmen ableiten zu k\u00f6nnen.<\/p>\n<p>Das <strong>if\u00f6w<\/strong> erarbeitet Analysen wie Brancheninsights, Strukturanalysen bis hin zu Konjunkturanalysen zu diesen Fragestellungen. Zudem werden zu spezifischen Fragestellungen vertiefende Analysen und Studien erstellt \u2013 diese auch f\u00fcr Regionen und unterschiedliche Betriebsgr\u00f6\u00dfen.<\/p>\n<\/div>\n<p><!--more--><br \/>\n<!-- {\"type\":\"layout\",\"children\":[{\"name\":\"hero\",\"type\":\"section\",\"props\":{\"height\":\"percent\",\"image\":\"wp-content\\\/uploads\\\/2024\\\/02\\\/66940914_l_autobw-scaled.jpg\",\"image_effect\":\"parallax\",\"image_loading\":true,\"image_parallax_bgy\":\"20,-230\",\"image_parallax_breakpoint\":\"m\",\"image_parallax_easing\":\"1\",\"image_position\":\"top-center\",\"image_size\":\"cover\",\"image_width\":\"1560\",\"padding\":\"large\",\"style\":\"default\",\"title_breakpoint\":\"xl\",\"title_position\":\"top-left\",\"title_rotation\":\"left\",\"vertical_align\":\"bottom\",\"width\":\"expand\"},\"children\":[{\"type\":\"row\",\"props\":{\"layout\":\"large,expand\",\"vertical_align\":false},\"children\":[{\"type\":\"column\",\"props\":{\"image_position\":\"center-center\",\"padding\":\"small\",\"position_sticky_breakpoint\":\"m\",\"width_medium\":\"2xlarge\"},\"children\":[{\"type\":\"panel\",\"props\":{\"content\":\"\",\"content_column_breakpoint\":\"m\",\"icon_width\":80,\"image_align\":\"top\",\"image_grid_breakpoint\":\"m\",\"image_grid_width\":\"1-2\",\"image_svg_color\":\"emphasis\",\"link_style\":\"default\",\"link_text\":\"Read more\",\"margin\":\"default\",\"meta_align\":\"below-title\",\"meta_element\":\"div\",\"meta_style\":\"text-meta\",\"panel_padding\":\"default\",\"panel_style\":\"card-secondary\",\"title\":\"Brancheninsights\",\"title_align\":\"top\",\"title_element\":\"h1\",\"title_grid_breakpoint\":\"m\",\"title_grid_width\":\"1-2\",\"title_hover_style\":\"reset\",\"title_style\":\"h2\"}}]},{\"type\":\"column\",\"props\":{\"image_position\":\"center-center\",\"position_sticky_breakpoint\":\"m\",\"width_medium\":\"expand\"}}]}]},{\"name\":\"Services\",\"type\":\"section\",\"props\":{\"image_position\":\"center-center\",\"padding\":\"large\",\"style\":\"default\",\"title_breakpoint\":\"xl\",\"title_position\":\"top-left\",\"title_rotation\":\"left\",\"vertical_align\":\"middle\",\"width\":\"default\"},\"children\":[{\"type\":\"row\",\"props\":{\"column_gap\":\"large\",\"layout\":\"1-4,3-4\",\"row_gap\":\"large\"},\"children\":[{\"type\":\"column\",\"props\":{\"image_position\":\"center-center\",\"position_sticky_breakpoint\":\"m\",\"width_medium\":\"1-4\"},\"children\":[{\"type\":\"image\",\"props\":{\"image\":\"wp-content\\\/uploads\\\/2023\\\/08\\\/sector.svg\",\"image_svg_animate\":false,\"image_svg_color\":\"primary\",\"image_svg_inline\":true,\"margin\":\"default\"}}]},{\"type\":\"column\",\"props\":{\"image_position\":\"center-center\",\"position_sticky_breakpoint\":\"m\",\"width_medium\":\"3-4\"},\"children\":[{\"type\":\"text\",\"props\":{\"column_breakpoint\":\"m\",\"content\":\"\n\n<p>So heterogen die \\u00f6sterreichische Wirtschaft gesamtheitlich ist, so unterschiedliche Auspr\\u00e4gungen gibt es auch innerhalb einer Branche. Diese brancheninternen Unterschiede haben sich insbesondere in den vergangenen Jahren verst\\u00e4rkt \\u2013 ma\\u00dfgeblich durch exogene Schocks und durch die Ver\\u00e4nderungen im Konsumentenverhalten. Gerade deshalb ist es wichtig, die einzelnen Sektoren, Branchen und ihre Subbrachen detailgetreu zu analysieren um daraus zielgerichtete Ma\\u00dfnahmen ableiten zu k\\u00f6nnen.<\\\/p>\\n\n\n<p>Das <strong>if\\u00f6w<\\\/strong> erarbeitet Analysen wie Brancheninsights, Strukturanalysen bis hin zu Konjunkturanalysen zu diesen Fragestellungen. Zudem werden zu spezifischen Fragestellungen vertiefende Analysen und Studien erstellt \\u2013 diese auch f\\u00fcr Regionen und unterschiedliche Betriebsgr\\u00f6\\u00dfen.<\\\/p>\",\"margin\":\"default\"}}]}]},{\"type\":\"row\",\"props\":{\"column_gap\":\"large\",\"layout\":\"2-3,1-3\",\"margin\":\"large\",\"row_gap\":\"large\"},\"children\":[{\"type\":\"column\",\"props\":{\"image_position\":\"center-center\",\"position_sticky_breakpoint\":\"m\",\"width_medium\":\"2-3\"}},{\"type\":\"column\",\"props\":{\"image_position\":\"center-center\",\"position_sticky_breakpoint\":\"m\",\"width_medium\":\"1-3\"}}]}]}],\"version\":\"4.0.8\"} --><\/p>\n","protected":false},"excerpt":{"rendered":"<p>Brancheninsights So heterogen die \u00f6sterreichische Wirtschaft gesamtheitlich ist, so unterschiedliche Auspr\u00e4gungen gibt es auch innerhalb einer Branche. Diese brancheninternen Unterschiede haben sich insbesondere in den vergangenen Jahren verst\u00e4rkt \u2013 ma\u00dfgeblich durch exogene Schocks und durch die Ver\u00e4nderungen im Konsumentenverhalten. Gerade deshalb ist es wichtig, die einzelnen Sektoren, Branchen und ihre Subbrachen detailgetreu zu analysieren um [&hellip;]<\/p>\n","protected":false},"author":3,"featured_media":0,"parent":0,"menu_order":0,"comment_status":"closed","ping_status":"closed","template":"","meta":{"_acf_changed":false,"footnotes":""},"class_list":["post-1456","page","type-page","status-publish","hentry"],"acf":[],"_links":{"self":[{"href":"https:\/\/www.ifoew.at\/index.php?rest_route=\/wp\/v2\/pages\/1456","targetHints":{"allow":["GET"]}}],"collection":[{"href":"https:\/\/www.ifoew.at\/index.php?rest_route=\/wp\/v2\/pages"}],"about":[{"href":"https:\/\/www.ifoew.at\/index.php?rest_route=\/wp\/v2\/types\/page"}],"author":[{"embeddable":true,"href":"https:\/\/www.ifoew.at\/index.php?rest_route=\/wp\/v2\/users\/3"}],"replies":[{"embeddable":true,"href":"https:\/\/www.ifoew.at\/index.php?rest_route=%2Fwp%2Fv2%2Fcomments&post=1456"}],"version-history":[{"count":13,"href":"https:\/\/www.ifoew.at\/index.php?rest_route=\/wp\/v2\/pages\/1456\/revisions"}],"predecessor-version":[{"id":1702,"href":"https:\/\/www.ifoew.at\/index.php?rest_route=\/wp\/v2\/pages\/1456\/revisions\/1702"}],"wp:attachment":[{"href":"https:\/\/www.ifoew.at\/index.php?rest_route=%2Fwp%2Fv2%2Fmedia&parent=1456"}],"curies":[{"name":"wp","href":"https:\/\/api.w.org\/{rel}","templated":true}]}}