{"id":1501,"date":"2023-09-11T15:51:09","date_gmt":"2023-09-11T15:51:09","guid":{"rendered":"https:\/\/www.ifoew.at\/?page_id=1501"},"modified":"2024-02-07T21:42:38","modified_gmt":"2024-02-07T21:42:38","slug":"energie-mobilitaet","status":"publish","type":"page","link":"https:\/\/www.ifoew.at\/?page_id=1501","title":{"rendered":"Energie &#038; Mobilit\u00e4t"},"content":{"rendered":"<div>\n<h1>Energie &#038; Mobilit\u00e4t<\/h1>\n<\/div>\n<p><img decoding=\"async\" src=\"\/wp-content\/uploads\/2023\/08\/green-energy.svg\" alt=\"\"><\/p>\n<div>\n<p>\u00d6sterreich hat sich im aktuellen Regierungsprogramm Klimaneutralit\u00e4t bis 2040 zum ambitionierten Ziel gesetzt, der Umbau des \u00f6sterreichischen Stromsystems hin zu 100% Strom aus erneuerbaren Energiequellen soll sogar schon 2030 erreicht werden.<\/p>\n<p>Der Weg hin zu einer nachhaltigen, klimaneutralen, sicheren, resilienten, sozialen und wirtschaftsvertr\u00e4glichen Energieversorgung ist herausfordernd und erfordert Ma\u00dfnahmen und ein Umdenken auf vielerlei Ebenen.<\/p>\n<p>Das <strong>if\u00f6w<\/strong> liefert die wissenschaftliche Begleitung, egal ob es darum geht die Bundes- und L\u00e4nderziele zu harmonisieren, die mit Investitionen verbundenen Effekte auf Wertsch\u00f6pfung und Besch\u00e4ftigung zu quantifizieren oder das wirtschaftlich g\u00fcnstigste Ma\u00dfnahmenb\u00fcndel zu schn\u00fcren, wenn es darum geht, k\u00fcnftig Emissionen zu reduzieren. Wir verstehen Energie- und Mobilit\u00e4tswende als Chance, die es zu nutzen gilt.<\/p>\n<\/div>\n<p><!--more--><br \/>\n<!-- {\"type\":\"layout\",\"children\":[{\"name\":\"hero\",\"type\":\"section\",\"props\":{\"height\":\"percent\",\"image\":\"wp-content\\\/uploads\\\/2024\\\/02\\\/115610584_l_autobw-scaled.jpg\",\"image_effect\":\"parallax\",\"image_loading\":true,\"image_parallax_bgy\":\"20,-230\",\"image_parallax_breakpoint\":\"m\",\"image_parallax_easing\":\"1\",\"image_position\":\"center-left\",\"image_size\":\"cover\",\"image_width\":\"1560\",\"padding\":\"large\",\"style\":\"default\",\"title_breakpoint\":\"xl\",\"title_position\":\"top-left\",\"title_rotation\":\"left\",\"vertical_align\":\"bottom\",\"width\":\"expand\"},\"children\":[{\"type\":\"row\",\"props\":{\"layout\":\"large,expand\",\"vertical_align\":false},\"children\":[{\"type\":\"column\",\"props\":{\"image_position\":\"center-center\",\"padding\":\"small\",\"position_sticky_breakpoint\":\"m\",\"width_medium\":\"2xlarge\"},\"children\":[{\"type\":\"panel\",\"props\":{\"content\":\"\",\"content_column_breakpoint\":\"m\",\"icon_width\":80,\"image_align\":\"top\",\"image_grid_breakpoint\":\"m\",\"image_grid_width\":\"1-2\",\"image_svg_color\":\"emphasis\",\"link_style\":\"default\",\"link_text\":\"Read more\",\"margin\":\"default\",\"meta_align\":\"below-title\",\"meta_element\":\"div\",\"meta_style\":\"text-meta\",\"panel_padding\":\"default\",\"panel_style\":\"card-secondary\",\"title\":\"Energie & Mobilit\\u00e4t\",\"title_align\":\"top\",\"title_element\":\"h1\",\"title_grid_breakpoint\":\"m\",\"title_grid_width\":\"1-2\",\"title_hover_style\":\"reset\",\"title_style\":\"h2\"}}]},{\"type\":\"column\",\"props\":{\"image_position\":\"center-center\",\"position_sticky_breakpoint\":\"m\",\"width_medium\":\"expand\"}}]}]},{\"name\":\"Services\",\"type\":\"section\",\"props\":{\"image_position\":\"center-center\",\"padding\":\"large\",\"style\":\"default\",\"title_breakpoint\":\"xl\",\"title_position\":\"top-left\",\"title_rotation\":\"left\",\"vertical_align\":\"middle\",\"width\":\"default\"},\"children\":[{\"type\":\"row\",\"props\":{\"column_gap\":\"large\",\"layout\":\"1-4,3-4\",\"row_gap\":\"large\"},\"children\":[{\"type\":\"column\",\"props\":{\"image_position\":\"center-center\",\"position_sticky_breakpoint\":\"m\",\"width_medium\":\"1-4\"},\"children\":[{\"type\":\"image\",\"props\":{\"image\":\"wp-content\\\/uploads\\\/2023\\\/08\\\/green-energy.svg\",\"image_svg_color\":\"primary\",\"image_svg_inline\":true,\"margin\":\"default\"}}]},{\"type\":\"column\",\"props\":{\"image_position\":\"center-center\",\"position_sticky_breakpoint\":\"m\",\"width_medium\":\"3-4\"},\"children\":[{\"type\":\"text\",\"props\":{\"column_breakpoint\":\"m\",\"content\":\"\n\n<p>\\u00d6sterreich hat sich im aktuellen Regierungsprogramm Klimaneutralit\\u00e4t bis 2040 zum ambitionierten Ziel gesetzt, der Umbau des \\u00f6sterreichischen Stromsystems hin zu 100% Strom aus erneuerbaren Energiequellen soll sogar schon 2030 erreicht werden.<\\\/p>\\n\n\n<p>Der Weg hin zu einer nachhaltigen, klimaneutralen, sicheren, resilienten, sozialen und wirtschaftsvertr\\u00e4glichen Energieversorgung ist herausfordernd und erfordert Ma\\u00dfnahmen und ein Umdenken auf vielerlei Ebenen.<\\\/p>\\n\n\n<p>Das <strong>if\\u00f6w<\\\/strong> liefert die wissenschaftliche Begleitung, egal ob es darum geht die Bundes- und L\\u00e4nderziele zu harmonisieren, die mit Investitionen verbundenen Effekte auf Wertsch\\u00f6pfung und Besch\\u00e4ftigung zu quantifizieren oder das wirtschaftlich g\\u00fcnstigste Ma\\u00dfnahmenb\\u00fcndel zu schn\\u00fcren, wenn es darum geht, k\\u00fcnftig Emissionen zu reduzieren. Wir verstehen Energie- und Mobilit\\u00e4tswende als Chance, die es zu nutzen gilt.<\\\/p>\",\"margin\":\"default\"}}]}]},{\"type\":\"row\",\"props\":{\"column_gap\":\"large\",\"layout\":\"2-3,1-3\",\"margin\":\"large\",\"row_gap\":\"large\"},\"children\":[{\"type\":\"column\",\"props\":{\"image_position\":\"center-center\",\"position_sticky_breakpoint\":\"m\",\"width_medium\":\"2-3\"}},{\"type\":\"column\",\"props\":{\"image_position\":\"center-center\",\"position_sticky_breakpoint\":\"m\",\"width_medium\":\"1-3\"}}]}]}],\"version\":\"4.0.8\"} --><\/p>\n","protected":false},"excerpt":{"rendered":"<p>Energie &#038; Mobilit\u00e4t \u00d6sterreich hat sich im aktuellen Regierungsprogramm Klimaneutralit\u00e4t bis 2040 zum ambitionierten Ziel gesetzt, der Umbau des \u00f6sterreichischen Stromsystems hin zu 100% Strom aus erneuerbaren Energiequellen soll sogar schon 2030 erreicht werden. Der Weg hin zu einer nachhaltigen, klimaneutralen, sicheren, resilienten, sozialen und wirtschaftsvertr\u00e4glichen Energieversorgung ist herausfordernd und erfordert Ma\u00dfnahmen und ein Umdenken [&hellip;]<\/p>\n","protected":false},"author":3,"featured_media":0,"parent":0,"menu_order":0,"comment_status":"closed","ping_status":"closed","template":"","meta":{"_acf_changed":false,"footnotes":""},"class_list":["post-1501","page","type-page","status-publish","hentry"],"acf":[],"_links":{"self":[{"href":"https:\/\/www.ifoew.at\/index.php?rest_route=\/wp\/v2\/pages\/1501","targetHints":{"allow":["GET"]}}],"collection":[{"href":"https:\/\/www.ifoew.at\/index.php?rest_route=\/wp\/v2\/pages"}],"about":[{"href":"https:\/\/www.ifoew.at\/index.php?rest_route=\/wp\/v2\/types\/page"}],"author":[{"embeddable":true,"href":"https:\/\/www.ifoew.at\/index.php?rest_route=\/wp\/v2\/users\/3"}],"replies":[{"embeddable":true,"href":"https:\/\/www.ifoew.at\/index.php?rest_route=%2Fwp%2Fv2%2Fcomments&post=1501"}],"version-history":[{"count":14,"href":"https:\/\/www.ifoew.at\/index.php?rest_route=\/wp\/v2\/pages\/1501\/revisions"}],"predecessor-version":[{"id":1700,"href":"https:\/\/www.ifoew.at\/index.php?rest_route=\/wp\/v2\/pages\/1501\/revisions\/1700"}],"wp:attachment":[{"href":"https:\/\/www.ifoew.at\/index.php?rest_route=%2Fwp%2Fv2%2Fmedia&parent=1501"}],"curies":[{"name":"wp","href":"https:\/\/api.w.org\/{rel}","templated":true}]}}