{"id":23,"date":"2019-09-02T07:23:47","date_gmt":"2019-09-02T07:23:47","guid":{"rendered":"http:\/\/www.ifoew.at\/?p=23"},"modified":"2024-02-07T13:47:48","modified_gmt":"2024-02-07T13:47:48","slug":"tax-planning","status":"publish","type":"page","link":"https:\/\/www.ifoew.at\/?page_id=23","title":{"rendered":"Entrepreneurship"},"content":{"rendered":"<div>\n<h1>Entrepreneurship<\/h1>\n<\/div>\n<p><img decoding=\"async\" src=\"\/wp-content\/uploads\/2023\/08\/enterpreneur.svg\" alt=\"\"><\/p>\n<div>\n<p>Das Unternehmertum und seine Unternehmerinnen und Unternehmer sind zentrale Faktoren gerade in einer wie in \u00d6sterreich KMU dominierten Wirtschaft. Deren Handeln ist entscheidend f\u00fcr das Produkt- und Serviceangebot, f\u00fcr den Wettbewerb, f\u00fcr Innovationen und letztendlich f\u00fcr die Entwicklung der gesamten \u00f6sterreichischen Volkswirtschaft.<\/p>\n<p>Gerade die letzten Jahren sind von einer gro\u00dfen Ver\u00e4nderungsgeschwindigkeit in vielen Bereichen gepr\u00e4gt: Von der Diversifizierung der Angebotsstruktur \u00fcber technologische Weiterentwicklungen erm\u00f6glicht durch die Digitalisierung bis hin zu neuen Gesch\u00e4ftsmodellen. Die Vielfalt des Unternehmertums selbst ist auch in der j\u00fcngeren Vergangenheit gestiegen. Hierbei ist eine Segmentierung nach den unterschiedlichsten Kriterien m\u00f6glich was eine detaillierte Betrachtung der \u00f6sterreichischen Wirtschaft erm\u00f6glicht.<\/p>\n<p>Das <strong>if\u00f6w<\/strong> adressiert und analysiert genau diese Entwicklungen \u00fcber unterschiedliche Betriebsgr\u00f6\u00dfen von Ein-Personen Unternehmen (EPU) \u00fcber KMUs bis hin zu Gro\u00dfunternehmen. Entlang des Entwicklungspfades der Unternehmen von Unternehmensgr\u00fcndungen bis zur Unternehmensnachfolge stehen vor allem Themen im Kontext der Wettbewerbsf\u00e4higkeit und Anpassungsf\u00e4higkeit im Fokus.\u00a0<\/p>\n<\/div>\n<p><!--more--><br \/>\n<!-- {\"type\":\"layout\",\"children\":[{\"name\":\"hero\",\"type\":\"section\",\"props\":{\"height\":\"percent\",\"image\":\"wp-content\\\/uploads\\\/2023\\\/09\\\/AdobeStock_518273393-scaled.jpeg\",\"image_effect\":\"parallax\",\"image_loading\":true,\"image_parallax_bgy\":\"20,-230\",\"image_parallax_breakpoint\":\"m\",\"image_parallax_easing\":\"1\",\"image_position\":\"top-center\",\"image_size\":\"cover\",\"image_width\":\"1560\",\"padding\":\"large\",\"style\":\"muted\",\"title_breakpoint\":\"xl\",\"title_position\":\"top-left\",\"title_rotation\":\"left\",\"vertical_align\":\"bottom\",\"width\":\"expand\"},\"children\":[{\"type\":\"row\",\"props\":{\"layout\":\"large,expand\",\"vertical_align\":false},\"children\":[{\"type\":\"column\",\"props\":{\"image_position\":\"center-center\",\"padding\":\"small\",\"position_sticky_breakpoint\":\"m\",\"width_medium\":\"2xlarge\"},\"children\":[{\"type\":\"panel\",\"props\":{\"content\":\"\",\"content_column_breakpoint\":\"m\",\"icon_width\":80,\"image_align\":\"top\",\"image_grid_breakpoint\":\"m\",\"image_grid_width\":\"1-2\",\"image_svg_color\":\"emphasis\",\"link_style\":\"default\",\"link_text\":\"Read more\",\"margin\":\"default\",\"meta_align\":\"below-title\",\"meta_element\":\"div\",\"meta_style\":\"text-meta\",\"panel_padding\":\"default\",\"panel_style\":\"card-secondary\",\"title\":\"Entrepreneurship\",\"title_align\":\"top\",\"title_element\":\"h1\",\"title_grid_breakpoint\":\"m\",\"title_grid_width\":\"1-2\",\"title_hover_style\":\"reset\",\"title_style\":\"h2\"}}]},{\"type\":\"column\",\"props\":{\"image_position\":\"center-center\",\"position_sticky_breakpoint\":\"m\",\"width_medium\":\"expand\"}}]}]},{\"name\":\"Services\",\"type\":\"section\",\"props\":{\"image_position\":\"center-center\",\"padding\":\"large\",\"style\":\"default\",\"title_breakpoint\":\"xl\",\"title_position\":\"top-left\",\"title_rotation\":\"left\",\"vertical_align\":\"middle\",\"width\":\"default\"},\"children\":[{\"type\":\"row\",\"props\":{\"column_gap\":\"large\",\"layout\":\"1-4,3-4\",\"row_gap\":\"large\"},\"children\":[{\"type\":\"column\",\"props\":{\"image_position\":\"center-center\",\"position_sticky_breakpoint\":\"m\",\"width_medium\":\"1-4\"},\"children\":[{\"type\":\"image\",\"props\":{\"image\":\"wp-content\\\/uploads\\\/2023\\\/08\\\/enterpreneur.svg\",\"image_svg_color\":\"primary\",\"image_svg_inline\":true,\"margin\":\"default\"}}]},{\"type\":\"column\",\"props\":{\"image_position\":\"center-center\",\"position_sticky_breakpoint\":\"m\",\"width_medium\":\"3-4\"},\"children\":[{\"type\":\"text\",\"props\":{\"column_breakpoint\":\"m\",\"content\":\"\n\n<p>Das Unternehmertum und seine Unternehmerinnen und Unternehmer sind zentrale Faktoren gerade in einer wie in \\u00d6sterreich KMU dominierten Wirtschaft. Deren Handeln ist entscheidend f\\u00fcr das Produkt- und Serviceangebot, f\\u00fcr den Wettbewerb, f\\u00fcr Innovationen und letztendlich f\\u00fcr die Entwicklung der gesamten \\u00f6sterreichischen Volkswirtschaft.<\\\/p>\\n\n\n<p>Gerade die letzten Jahren sind von einer gro\\u00dfen Ver\\u00e4nderungsgeschwindigkeit in vielen Bereichen gepr\\u00e4gt: Von der Diversifizierung der Angebotsstruktur \\u00fcber technologische Weiterentwicklungen erm\\u00f6glicht durch die Digitalisierung bis hin zu neuen Gesch\\u00e4ftsmodellen. Die Vielfalt des Unternehmertums selbst ist auch in der j\\u00fcngeren Vergangenheit gestiegen. Hierbei ist eine Segmentierung nach den unterschiedlichsten Kriterien m\\u00f6glich was eine detaillierte Betrachtung der \\u00f6sterreichischen Wirtschaft erm\\u00f6glicht.<\\\/p>\\n\n\n<p>Das <strong>if\\u00f6w<\\\/strong> adressiert und analysiert genau diese Entwicklungen \\u00fcber unterschiedliche Betriebsgr\\u00f6\\u00dfen von Ein-Personen Unternehmen (EPU) \\u00fcber KMUs bis hin zu Gro\\u00dfunternehmen. Entlang des Entwicklungspfades der Unternehmen von Unternehmensgr\\u00fcndungen bis zur Unternehmensnachfolge stehen vor allem Themen im Kontext der Wettbewerbsf\\u00e4higkeit und Anpassungsf\\u00e4higkeit im Fokus.\\u00a0<\\\/p>\",\"margin\":\"default\"}}]}]}]}],\"version\":\"4.0.8\"} --><\/p>\n","protected":false},"excerpt":{"rendered":"<p>Entrepreneurship Das Unternehmertum und seine Unternehmerinnen und Unternehmer sind zentrale Faktoren gerade in einer wie in \u00d6sterreich KMU dominierten Wirtschaft. Deren Handeln ist entscheidend f\u00fcr das Produkt- und Serviceangebot, f\u00fcr den Wettbewerb, f\u00fcr Innovationen und letztendlich f\u00fcr die Entwicklung der gesamten \u00f6sterreichischen Volkswirtschaft. Gerade die letzten Jahren sind von einer gro\u00dfen Ver\u00e4nderungsgeschwindigkeit in vielen Bereichen [&hellip;]<\/p>\n","protected":false},"author":1,"featured_media":0,"parent":0,"menu_order":3,"comment_status":"open","ping_status":"open","template":"","meta":{"_acf_changed":false,"footnotes":""},"class_list":["post-23","page","type-page","status-publish","hentry"],"acf":[],"_links":{"self":[{"href":"https:\/\/www.ifoew.at\/index.php?rest_route=\/wp\/v2\/pages\/23","targetHints":{"allow":["GET"]}}],"collection":[{"href":"https:\/\/www.ifoew.at\/index.php?rest_route=\/wp\/v2\/pages"}],"about":[{"href":"https:\/\/www.ifoew.at\/index.php?rest_route=\/wp\/v2\/types\/page"}],"author":[{"embeddable":true,"href":"https:\/\/www.ifoew.at\/index.php?rest_route=\/wp\/v2\/users\/1"}],"replies":[{"embeddable":true,"href":"https:\/\/www.ifoew.at\/index.php?rest_route=%2Fwp%2Fv2%2Fcomments&post=23"}],"version-history":[{"count":19,"href":"https:\/\/www.ifoew.at\/index.php?rest_route=\/wp\/v2\/pages\/23\/revisions"}],"predecessor-version":[{"id":1690,"href":"https:\/\/www.ifoew.at\/index.php?rest_route=\/wp\/v2\/pages\/23\/revisions\/1690"}],"wp:attachment":[{"href":"https:\/\/www.ifoew.at\/index.php?rest_route=%2Fwp%2Fv2%2Fmedia&parent=23"}],"curies":[{"name":"wp","href":"https:\/\/api.w.org\/{rel}","templated":true}]}}