{"id":4,"date":"2019-09-02T07:23:47","date_gmt":"2019-09-02T07:23:47","guid":{"rendered":"http:\/\/www.ifoew.at\/?p=4"},"modified":"2024-02-07T12:05:00","modified_gmt":"2024-02-07T12:05:00","slug":"company","status":"publish","type":"page","link":"https:\/\/www.ifoew.at\/?page_id=4","title":{"rendered":"Institut"},"content":{"rendered":"<div>\n<h1>Wissen schaffen, faktenbasiert.<\/h1>\n<\/div>\n<h2>Eine kleine Geschichte<br \/>hinter unserem<br \/>Institut<\/h2>\n<div>\n<p>        <img decoding=\"async\" src=\"\/wp-content\/uploads\/2023\/08\/TEAM_PV-1.jpg\" alt=\"\"><\/p>\n<div>Mag. Peter Voithofer<\/div>\n<p>Mitglied des Vorstandes<\/p>\n<\/div>\n<div>\n<p>        <img decoding=\"async\" src=\"\/wp-content\/uploads\/2023\/08\/TEAM_AK-1.jpg\" alt=\"\"><\/p>\n<div>Dr.in Anna Kleissner<\/div>\n<p>Mitglied des Vorstandes<\/p>\n<\/div>\n<div>\n<p>Das <strong>Institut f\u00fcr \u00d6sterreichs Wirtschaft (kurz: if\u00f6w)<\/strong> ist ein als Verein gegr\u00fcndetes, unabh\u00e4ngiges und au\u00dferuniversit\u00e4res Wirtschaftsforschungsinstitut. Getreu seines Leitsatzes: \u201eWissen schaffen, faktenbasiert.\u201c hat es sich zum Ziel gesetzt durch volks- und betriebswirtschaftliche Analysen Wissen \u00fcber die Wirtschaft zu generieren und dieses an Entscheidungstr\u00e4ger zu transferieren. Durch die Unabh\u00e4ngigkeit bei der Wahl der Forschungsagenda und bei der Auswahl unserer Forschungspartner, sind wir ausschlie\u00dflich unserer Mission und der wissenschaftlichen Integrit\u00e4t verpflichtet.<\/p>\n<p>Im Zentrum unserer Forschungsarbeit stehen volks- und betriebswirtschaftliche Analysen zu unterschiedlichsten Sektoren und Branchen der \u00f6sterreichischen Wirtschaft. Hierbei analysieren wir insbesondere ihren Facettenreichtum, ihren Aufbau, ihre Entwicklung und ihre Bedeutung. Zudem steht der Wissenstransfer unserer Branchenexpertise an die Auftraggeber im Fokus unserer Mission.<\/p>\n<\/div>\n<p><!--more--><br \/>\n<!-- {\"name\":\"About\",\"type\":\"layout\",\"children\":[{\"name\":\"Hero\",\"type\":\"section\",\"props\":{\"animation\":\"fade\",\"animation_delay\":\"200\",\"image\":\"wp-content\\\/uploads\\\/2023\\\/08\\\/Institut-scaled.jpg\",\"image_effect\":\"parallax\",\"image_loading\":true,\"image_parallax_bgy\":\"0,110\",\"image_parallax_breakpoint\":\"l\",\"image_parallax_easing\":\"1\",\"image_position\":\"center-center\",\"image_size\":\"cover\",\"image_width\":\"1560\",\"padding\":\"xlarge\",\"style\":\"default\",\"title_breakpoint\":\"xl\",\"title_position\":\"top-left\",\"title_rotation\":\"left\",\"vertical_align\":\"middle\",\"width\":\"expand\"},\"children\":[{\"type\":\"row\",\"props\":{\"column_gap\":\"small\",\"margin\":\"large\",\"match\":false,\"row_gap\":\"small\"},\"children\":[{\"type\":\"column\",\"props\":{\"image_position\":\"center-center\",\"position_sticky_breakpoint\":\"m\",\"width_medium\":\"1-1\"},\"children\":[{\"type\":\"panel\",\"props\":{\"content_column_breakpoint\":\"m\",\"icon_width\":80,\"image_align\":\"top\",\"image_grid_breakpoint\":\"m\",\"image_grid_width\":\"1-2\",\"image_svg_color\":\"emphasis\",\"link_style\":\"default\",\"link_text\":\"Read more\",\"margin\":\"default\",\"maxwidth\":\"xlarge\",\"meta_align\":\"below-title\",\"meta_element\":\"div\",\"meta_style\":\"text-meta\",\"panel_padding\":\"default\",\"panel_style\":\"card-primary\",\"title\":\"Wissen schaffen, faktenbasiert.\",\"title_align\":\"top\",\"title_element\":\"h1\",\"title_grid_breakpoint\":\"m\",\"title_grid_width\":\"1-2\",\"title_hover_style\":\"reset\",\"title_style\":\"h2\"}}]}]}]},{\"name\":\"About\",\"type\":\"section\",\"props\":{\"animation_delay\":false,\"image_position\":\"center-center\",\"image_size\":\"cover\",\"padding\":\"large\",\"padding_remove_bottom\":false,\"padding_remove_top\":false,\"style\":\"default\",\"title_breakpoint\":\"xl\",\"title_position\":\"top-left\",\"title_rotation\":\"left\",\"vertical_align\":\"middle\",\"width\":\"default\"},\"children\":[{\"type\":\"row\",\"props\":{\"layout\":\"1-3,2-3\",\"margin\":\"xlarge\",\"width\":\"default\"},\"children\":[{\"type\":\"column\",\"props\":{\"image_position\":\"center-center\",\"position_sticky_breakpoint\":\"m\",\"width_medium\":\"1-3\"},\"children\":[{\"type\":\"headline\",\"props\":{\"content\":\"Eine kleine Geschichte<br \\\/>hinter unserem<br \\\/>Institut\",\"title_decoration\":\"bullet\",\"title_element\":\"h2\",\"title_style\":\"h3\"}},{\"type\":\"panel\",\"props\":{\"content_column_breakpoint\":\"m\",\"icon_width\":80,\"image\":\"wp-content\\\/uploads\\\/2023\\\/08\\\/TEAM_PV-1.jpg\",\"image_align\":\"left\",\"image_grid_breakpoint\":\"\",\"image_grid_column_gap\":\"medium\",\"image_grid_row_gap\":\"medium\",\"image_grid_width\":\"1-3\",\"image_height\":\"110\",\"image_link\":true,\"image_loading\":true,\"image_svg_color\":\"emphasis\",\"image_vertical_align\":true,\"image_width\":\"90\",\"link_style\":\"default\",\"link_text\":\"\",\"margin\":\"medium\",\"maxwidth\":\"medium\",\"meta\":\"Mitglied des Vorstandes\",\"meta_align\":\"below-title\",\"meta_element\":\"div\",\"meta_margin\":\"remove\",\"meta_style\":\"text-meta\",\"text_align\":\"left\",\"title\":\"Mag. Peter Voithofer\",\"title_align\":\"top\",\"title_element\":\"div\",\"title_grid_breakpoint\":\"m\",\"title_grid_width\":\"1-2\",\"title_hover_style\":\"reset\",\"title_link\":true,\"title_style\":\"h5\"}},{\"type\":\"panel\",\"props\":{\"content_column_breakpoint\":\"m\",\"icon_width\":80,\"image\":\"wp-content\\\/uploads\\\/2023\\\/08\\\/TEAM_AK-1.jpg\",\"image_align\":\"left\",\"image_grid_breakpoint\":\"\",\"image_grid_column_gap\":\"medium\",\"image_grid_row_gap\":\"medium\",\"image_grid_width\":\"1-3\",\"image_height\":\"110\",\"image_link\":true,\"image_loading\":true,\"image_svg_color\":\"emphasis\",\"image_vertical_align\":true,\"image_width\":\"90\",\"link_style\":\"default\",\"link_text\":\"\",\"margin\":\"medium\",\"maxwidth\":\"medium\",\"meta\":\"Mitglied des Vorstandes\",\"meta_align\":\"below-title\",\"meta_element\":\"div\",\"meta_margin\":\"remove\",\"meta_style\":\"text-meta\",\"text_align\":\"left\",\"title\":\"Dr.in Anna Kleissner\",\"title_align\":\"top\",\"title_element\":\"div\",\"title_grid_breakpoint\":\"m\",\"title_grid_width\":\"1-2\",\"title_hover_style\":\"reset\",\"title_link\":true,\"title_style\":\"h5\"}}]},{\"type\":\"column\",\"props\":{\"image_position\":\"center-center\",\"position_sticky_breakpoint\":\"m\",\"width_medium\":\"2-3\"},\"children\":[{\"type\":\"text\",\"props\":{\"column_breakpoint\":\"m\",\"content\":\"\n\n<p>Das <strong>Institut f\\u00fcr \\u00d6sterreichs Wirtschaft (kurz: if\\u00f6w)<\\\/strong> ist ein als Verein gegr\\u00fcndetes, unabh\\u00e4ngiges und au\\u00dferuniversit\\u00e4res Wirtschaftsforschungsinstitut. Getreu seines Leitsatzes: \\u201eWissen schaffen, faktenbasiert.\\u201c hat es sich zum Ziel gesetzt durch volks- und betriebswirtschaftliche Analysen Wissen \\u00fcber die Wirtschaft zu generieren und dieses an Entscheidungstr\\u00e4ger zu transferieren. Durch die Unabh\\u00e4ngigkeit bei der Wahl der Forschungsagenda und bei der Auswahl unserer Forschungspartner, sind wir ausschlie\\u00dflich unserer Mission und der wissenschaftlichen Integrit\\u00e4t verpflichtet.<\\\/p>\\n\n\n<p>Im Zentrum unserer Forschungsarbeit stehen volks- und betriebswirtschaftliche Analysen zu unterschiedlichsten Sektoren und Branchen der \\u00f6sterreichischen Wirtschaft. Hierbei analysieren wir insbesondere ihren Facettenreichtum, ihren Aufbau, ihre Entwicklung und ihre Bedeutung. Zudem steht der Wissenstransfer unserer Branchenexpertise an die Auftraggeber im Fokus unserer Mission.<\\\/p>\",\"dropcap\":false,\"margin\":\"default\"}}]}]}]}],\"version\":\"4.0.8\"} --><\/p>\n","protected":false},"excerpt":{"rendered":"<p>Wissen schaffen, faktenbasiert. Eine kleine Geschichtehinter unseremInstitut Mag. Peter Voithofer Mitglied des Vorstandes Dr.in Anna Kleissner Mitglied des Vorstandes Das Institut f\u00fcr \u00d6sterreichs Wirtschaft (kurz: if\u00f6w) ist ein als Verein gegr\u00fcndetes, unabh\u00e4ngiges und au\u00dferuniversit\u00e4res Wirtschaftsforschungsinstitut. Getreu seines Leitsatzes: \u201eWissen schaffen, faktenbasiert.\u201c hat es sich zum Ziel gesetzt durch volks- und betriebswirtschaftliche Analysen Wissen \u00fcber die [&hellip;]<\/p>\n","protected":false},"author":1,"featured_media":0,"parent":0,"menu_order":10,"comment_status":"open","ping_status":"open","template":"","meta":{"_acf_changed":false,"footnotes":""},"class_list":["post-4","page","type-page","status-publish","hentry"],"acf":[],"_links":{"self":[{"href":"https:\/\/www.ifoew.at\/index.php?rest_route=\/wp\/v2\/pages\/4","targetHints":{"allow":["GET"]}}],"collection":[{"href":"https:\/\/www.ifoew.at\/index.php?rest_route=\/wp\/v2\/pages"}],"about":[{"href":"https:\/\/www.ifoew.at\/index.php?rest_route=\/wp\/v2\/types\/page"}],"author":[{"embeddable":true,"href":"https:\/\/www.ifoew.at\/index.php?rest_route=\/wp\/v2\/users\/1"}],"replies":[{"embeddable":true,"href":"https:\/\/www.ifoew.at\/index.php?rest_route=%2Fwp%2Fv2%2Fcomments&post=4"}],"version-history":[{"count":37,"href":"https:\/\/www.ifoew.at\/index.php?rest_route=\/wp\/v2\/pages\/4\/revisions"}],"predecessor-version":[{"id":1634,"href":"https:\/\/www.ifoew.at\/index.php?rest_route=\/wp\/v2\/pages\/4\/revisions\/1634"}],"wp:attachment":[{"href":"https:\/\/www.ifoew.at\/index.php?rest_route=%2Fwp%2Fv2%2Fmedia&parent=4"}],"curies":[{"name":"wp","href":"https:\/\/api.w.org\/{rel}","templated":true}]}}