{"id":6,"date":"2019-09-02T07:23:47","date_gmt":"2019-09-02T07:23:47","guid":{"rendered":"http:\/\/www.ifoew.at\/?p=6"},"modified":"2026-01-28T19:02:58","modified_gmt":"2026-01-28T19:02:58","slug":"studien","status":"publish","type":"page","link":"https:\/\/www.ifoew.at\/?page_id=6","title":{"rendered":"Studien"},"content":{"rendered":"<ul>\n<li>\n<p>        <img decoding=\"async\" src=\"\/wp-content\/uploads\/2026\/01\/UGinOE.jpg\" alt=\"\"><\/p>\n<h2>Die volkswirtschaftliche Bedeutung von Unternehmensgr\u00fcndungen in \u00d6sterreich<\/h2>\n<div>\n<p>August 2025<\/p>\n<\/div>\n<p><a href=\"\/wp-content\/uploads\/2026\/01\/2023-volkswirtschaftliche-Effekte-von-Unternehmensgruendungen-08-2025.pdf\">Download<\/a><\/p>\n<\/li>\n<li>\n<p>        <img decoding=\"async\" src=\"\/wp-content\/uploads\/2026\/01\/KWB_2026.jpg\" alt=\"\"><\/p>\n<h2>\u00d6sterreichischer  Kreativwirtschaftsbericht<\/h2>\n<div>\n<p>2026<\/p>\n<\/div>\n<p><a href=\"https:\/\/www.kreativwirtschaft.at\/Kreativwirtschaftsbericht-2026.pdf\">Download<\/a><\/p>\n<\/li>\n<li>\n<p>        <img decoding=\"async\" src=\"\/wp-content\/uploads\/2025\/11\/YEW.jpg\" alt=\"\"><\/p>\n<h2>Evaluierung des Projekts Youth Entrepreneurship Week<\/h2>\n<div>\n<p>2025<\/p>\n<\/div>\n<p><a href=\"https:\/\/www.bmwet.gv.at\/dam\/jcr:f4d4cd74-7bcc-4670-9af7-3090445a8a83\/YEW_2025_barrierefrei_2025_10.cleaned.pdf\">Download<\/a><\/p>\n<\/li>\n<li>\n<p>        <img decoding=\"async\" src=\"\/wp-content\/uploads\/2025\/10\/Handelskompendium_2025.jpg\" alt=\"\"><\/p>\n<h2>Handelskompendium<\/h2>\n<div>\n<p>September 2025<\/p>\n<\/div>\n<p><a href=\"\/wp-content\/uploads\/2025\/10\/handelskompendium-2025.pdf\">Download<\/a><\/p>\n<\/li>\n<li>\n<p>        <img decoding=\"async\" src=\"\/wp-content\/uploads\/2025\/10\/Konjunktur-im-Handel-2025.jpg\" alt=\"\"><\/p>\n<h2>Konjunktur im Handel<\/h2>\n<div>\n<p>August 2025<\/p>\n<\/div>\n<p><a href=\"\/wp-content\/uploads\/2025\/10\/konjunktur-im-handel-2025.pdf\">Download<\/a><\/p>\n<\/li>\n<\/ul>\n<p><!--more--><br \/>\n<!-- {\"name\":\"Services\",\"type\":\"layout\",\"children\":[{\"name\":\"Projects\",\"type\":\"section\",\"props\":{\"animation\":\"slide-top-small\",\"animation_delay\":false,\"image_position\":\"center-center\",\"padding\":\"large\",\"style\":\"default\",\"title_breakpoint\":\"xl\",\"title_position\":\"top-left\",\"title_rotation\":\"left\",\"vertical_align\":\"\",\"width\":\"default\"},\"children\":[{\"type\":\"row\",\"children\":[{\"type\":\"column\",\"props\":{\"image_position\":\"center-center\",\"position_sticky_breakpoint\":\"m\"},\"children\":[{\"type\":\"grid\",\"props\":{\"content_column_breakpoint\":\"m\",\"filter_align\":\"left\",\"filter_all\":true,\"filter_grid_breakpoint\":\"m\",\"filter_grid_width\":\"auto\",\"filter_position\":\"top\",\"filter_style\":\"tab\",\"grid_column_gap\":\"large\",\"grid_default\":\"1\",\"grid_medium\":\"\",\"grid_row_gap\":\"large\",\"icon_width\":80,\"image_align\":\"right\",\"image_grid_breakpoint\":\"m\",\"image_grid_column_gap\":\"large\",\"image_grid_row_gap\":\"large\",\"image_grid_width\":\"2-3\",\"image_link\":true,\"image_svg_color\":\"emphasis\",\"image_width\":\"920\",\"item_animation\":true,\"lightbox_bg_close\":true,\"link_style\":\"\",\"link_text\":\"Read more\",\"margin\":\"default\",\"meta_align\":\"above-title\",\"meta_color\":\"muted\",\"meta_element\":\"div\",\"meta_style\":\"heading-medium\",\"parallax_easing\":\"1\",\"show_content\":true,\"show_hover_image\":true,\"show_hover_video\":true,\"show_image\":true,\"show_link\":true,\"show_meta\":true,\"show_title\":true,\"show_video\":true,\"title_align\":\"top\",\"title_element\":\"h2\",\"title_grid_breakpoint\":\"m\",\"title_grid_width\":\"1-2\",\"title_hover_style\":\"reset\",\"title_link\":true,\"title_margin\":\"small\",\"title_style\":\"h3\"},\"children\":[{\"type\":\"grid_item\",\"props\":{\"content\":\"\n\n<p>August 2025<\\\/p>\",\"image\":\"wp-content\\\/uploads\\\/2026\\\/01\\\/UGinOE.jpg\",\"link\":\"wp-content\\\/uploads\\\/2026\\\/01\\\/2023-volkswirtschaftliche-Effekte-von-Unternehmensgruendungen-08-2025.pdf\",\"link_text\":\"Download\",\"meta\":\"\",\"title\":\"Die volkswirtschaftliche Bedeutung von Unternehmensgr\\u00fcndungen in \\u00d6sterreich\"}},{\"type\":\"grid_item\",\"props\":{\"content\":\"\n\n<p>2026<\\\/p>\",\"image\":\"wp-content\\\/uploads\\\/2026\\\/01\\\/KWB_2026.jpg\",\"link\":\"https:\\\/\\\/www.kreativwirtschaft.at\\\/Kreativwirtschaftsbericht-2026.pdf\",\"link_text\":\"Download\",\"meta\":\"\",\"title\":\"\\u00d6sterreichischer  Kreativwirtschaftsbericht\"}},{\"type\":\"grid_item\",\"props\":{\"content\":\"\n\n<p>2025<\\\/p>\",\"image\":\"wp-content\\\/uploads\\\/2025\\\/11\\\/YEW.jpg\",\"link\":\"https:\\\/\\\/www.bmwet.gv.at\\\/dam\\\/jcr:f4d4cd74-7bcc-4670-9af7-3090445a8a83\\\/YEW_2025_barrierefrei_2025_10.cleaned.pdf\",\"link_text\":\"Download\",\"meta\":\"\",\"title\":\"Evaluierung des Projekts Youth Entrepreneurship Week\"}},{\"type\":\"grid_item\",\"props\":{\"content\":\"\n\n<p>September 2025<\\\/p>\",\"image\":\"wp-content\\\/uploads\\\/2025\\\/10\\\/Handelskompendium_2025.jpg\",\"link\":\"wp-content\\\/uploads\\\/2025\\\/10\\\/handelskompendium-2025.pdf\",\"link_text\":\"Download\",\"meta\":\"\",\"title\":\"Handelskompendium\"}},{\"type\":\"grid_item\",\"props\":{\"content\":\"\n\n<p>August 2025<\\\/p>\",\"image\":\"wp-content\\\/uploads\\\/2025\\\/10\\\/Konjunktur-im-Handel-2025.jpg\",\"link\":\"wp-content\\\/uploads\\\/2025\\\/10\\\/konjunktur-im-handel-2025.pdf\",\"link_text\":\"Download\",\"meta\":\"\",\"title\":\"Konjunktur im Handel\"}}]}]}]}]}],\"version\":\"4.5.32\"} --><\/p>\n","protected":false},"excerpt":{"rendered":"<p>Die volkswirtschaftliche Bedeutung von Unternehmensgr\u00fcndungen in \u00d6sterreich August 2025 Download \u00d6sterreichischer Kreativwirtschaftsbericht 2026 Download Evaluierung des Projekts Youth Entrepreneurship Week 2025 Download Handelskompendium September 2025 Download Konjunktur im Handel August 2025 Download<\/p>\n","protected":false},"author":1,"featured_media":0,"parent":0,"menu_order":11,"comment_status":"open","ping_status":"closed","template":"","meta":{"_acf_changed":false,"footnotes":""},"class_list":["post-6","page","type-page","status-publish","hentry"],"acf":[],"_links":{"self":[{"href":"https:\/\/www.ifoew.at\/index.php?rest_route=\/wp\/v2\/pages\/6","targetHints":{"allow":["GET"]}}],"collection":[{"href":"https:\/\/www.ifoew.at\/index.php?rest_route=\/wp\/v2\/pages"}],"about":[{"href":"https:\/\/www.ifoew.at\/index.php?rest_route=\/wp\/v2\/types\/page"}],"author":[{"embeddable":true,"href":"https:\/\/www.ifoew.at\/index.php?rest_route=\/wp\/v2\/users\/1"}],"replies":[{"embeddable":true,"href":"https:\/\/www.ifoew.at\/index.php?rest_route=%2Fwp%2Fv2%2Fcomments&post=6"}],"version-history":[{"count":19,"href":"https:\/\/www.ifoew.at\/index.php?rest_route=\/wp\/v2\/pages\/6\/revisions"}],"predecessor-version":[{"id":1760,"href":"https:\/\/www.ifoew.at\/index.php?rest_route=\/wp\/v2\/pages\/6\/revisions\/1760"}],"wp:attachment":[{"href":"https:\/\/www.ifoew.at\/index.php?rest_route=%2Fwp%2Fv2%2Fmedia&parent=6"}],"curies":[{"name":"wp","href":"https:\/\/api.w.org\/{rel}","templated":true}]}}